{"id":8560,"date":"2018-11-30T09:54:59","date_gmt":"2018-11-30T09:54:59","guid":{"rendered":"http:\/\/localhost\/projects\/solar\/?page_id=8560"},"modified":"2022-12-20T08:59:28","modified_gmt":"2022-12-20T08:59:28","slug":"tedavilerimiz","status":"publish","type":"page","link":"https:\/\/www.neonklinik.com\/index.php\/tedavilerimiz\/","title":{"rendered":"Tedavilerimiz"},"content":{"rendered":"<p>[vc_row thsn-bg-color=&#8221;light&#8221; full_width=&#8221;stretch_row&#8221;][vc_column]<div  class=\"themesion-element themesion-element-service thsn-element-service-style-2 themesion-element-viewtype-row-column themesion-gap-15px thsn-sortable-no\" data-show=\"9\" data-columns=\"3\" data-loop=\"false\" data-autoplay=\"false\" data-center=\"false\" data-nav=\"false\" data-dots=\"false\" data-autoplayspeed=\"1000\" data-margin=\"15px\"><div class=\"themesion-element-inner\"><div class=\"thsn-element-posts-wrapper row multi-columns-row\"><div class=\"thsn-ele thsn-service-ele col-md-4 \"><article class=\"themesion-ele themesion-ele-service thsn-service-style-2\">\n\t<div class=\"themesion-post-item\">\t\t\t  \n\t\t<div class=\"thsn-featured-wrapper\"><a href=\"https:\/\/www.neonklinik.com\/index.php\/service\/pedodonti-cocuk-dis-hekimligi\/\"><img width=\"770\" height=\"500\" src=\"https:\/\/www.neonklinik.com\/wp-content\/uploads\/2018\/12\/cocuk-dis-770x500.png\" class=\"attachment-thsn-img-770x500 size-thsn-img-770x500 wp-post-image\" alt=\"\" data-id=\"12509\" \/><\/a><\/div>\t\n\t\t<div class=\"themesion-box-content\">\t\t\t\t\t\t\n\t\t\t<div class=\"themesion-box-content-inner\">\n\t\t\t\t<div class=\"thsn-service-icon\">\n\t\t\t\t\t<div class=\"thsn-service-icon-wrapper\">\n\t\t\t\t\t\t<i class=\"thsn-dentiq-icon thsn-dentiq-icon-insurance\"><\/i>\t\t\t\t\t<\/div>\n\t\t\t\t<\/div>\n\t\t\t\t<h3 class=\"thsn-service-title\"><a href=\"https:\/\/www.neonklinik.com\/index.php\/service\/pedodonti-cocuk-dis-hekimligi\/\">\u00c7ocuk Di\u015f Hekimli\u011fi<\/a><\/h3> \n\t\t\t\t\t\t\t\t<div class=\"thsn-service-content\"><p>randevusuna gelen hasta, hekime genel sa\u011fl\u0131k bilgilerini ve di\u015f ile ilgili sorunlar\u0131n\u0131 bildirmek durumundad\u0131r.<\/p>\n<\/div>\n\t\t\t\t \n\t\t\t<\/div>\n\t\t<\/div>\n\t<\/div>\n<\/article>\n<\/div><div class=\"thsn-ele thsn-service-ele col-md-4 \"><article class=\"themesion-ele themesion-ele-service thsn-service-style-2\">\n\t<div class=\"themesion-post-item\">\t\t\t  \n\t\t<div class=\"thsn-featured-wrapper\"><a href=\"https:\/\/www.neonklinik.com\/index.php\/service\/orthodontics\/\"><img width=\"770\" height=\"500\" src=\"https:\/\/www.neonklinik.com\/wp-content\/uploads\/2018\/10\/12safd-770x500.png\" class=\"attachment-thsn-img-770x500 size-thsn-img-770x500 wp-post-image\" alt=\"\" data-id=\"12350\" \/><\/a><\/div>\t\n\t\t<div class=\"themesion-box-content\">\t\t\t\t\t\t\n\t\t\t<div class=\"themesion-box-content-inner\">\n\t\t\t\t<div class=\"thsn-service-icon\">\n\t\t\t\t\t<div class=\"thsn-service-icon-wrapper\">\n\t\t\t\t\t\t<i class=\"thsn-dentiq-icon thsn-dentiq-icon-braces-1\"><\/i>\t\t\t\t\t<\/div>\n\t\t\t\t<\/div>\n\t\t\t\t<h3 class=\"thsn-service-title\"><a href=\"https:\/\/www.neonklinik.com\/index.php\/service\/orthodontics\/\">Ortodonti<\/a><\/h3> \n\t\t\t\t\t\t\t\t<div class=\"thsn-service-content\"><p>Ortodonti, \u00fcst (maksiller) ve alt (mandibular) di\u015f arklar\u0131 aras\u0131nda k\u00f6t\u00fc bir ili\u015fki oldu\u011funda ortaya \u00e7\u0131kan.<\/p>\n<\/div>\n\t\t\t\t \n\t\t\t<\/div>\n\t\t<\/div>\n\t<\/div>\n<\/article>\n<\/div><div class=\"thsn-ele thsn-service-ele col-md-4 \"><article class=\"themesion-ele themesion-ele-service thsn-service-style-2\">\n\t<div class=\"themesion-post-item\">\t\t\t  \n\t\t<div class=\"thsn-featured-wrapper\"><a href=\"https:\/\/www.neonklinik.com\/index.php\/service\/teeth-whitening\/\"><img width=\"770\" height=\"500\" src=\"https:\/\/www.neonklinik.com\/wp-content\/uploads\/2018\/10\/xzczczx-770x500.png\" class=\"attachment-thsn-img-770x500 size-thsn-img-770x500 wp-post-image\" alt=\"\" data-id=\"12355\" \/><\/a><\/div>\t\n\t\t<div class=\"themesion-box-content\">\t\t\t\t\t\t\n\t\t\t<div class=\"themesion-box-content-inner\">\n\t\t\t\t<div class=\"thsn-service-icon\">\n\t\t\t\t\t<div class=\"thsn-service-icon-wrapper\">\n\t\t\t\t\t\t<i class=\"thsn-dentiq-icon thsn-dentiq-icon-insurance\"><\/i>\t\t\t\t\t<\/div>\n\t\t\t\t<\/div>\n\t\t\t\t<h3 class=\"thsn-service-title\"><a href=\"https:\/\/www.neonklinik.com\/index.php\/service\/teeth-whitening\/\">Restoratif Di\u015f Tedavileri<\/a><\/h3> \n\t\t\t\t\t\t\t\t<div class=\"thsn-service-content\"><p>Di\u015f\u00a0beyazlatma, di\u015flerdeki lekeler ile beraber renk bozulmalar\u0131n\u0131 gidermeyi ve ge\u00e7mi\u015fin parlakl\u0131\u011f\u0131n\u0131 geri.<\/p>\n<\/div>\n\t\t\t\t \n\t\t\t<\/div>\n\t\t<\/div>\n\t<\/div>\n<\/article>\n<\/div><div class=\"thsn-ele thsn-service-ele col-md-4 \"><article class=\"themesion-ele themesion-ele-service thsn-service-style-2\">\n\t<div class=\"themesion-post-item\">\t\t\t  \n\t\t<div class=\"thsn-featured-wrapper\"><a href=\"https:\/\/www.neonklinik.com\/index.php\/service\/protetik-dis-tedavileri\/\"><img width=\"770\" height=\"500\" src=\"https:\/\/www.neonklinik.com\/wp-content\/uploads\/2018\/10\/refsdnf-770x500.png\" class=\"attachment-thsn-img-770x500 size-thsn-img-770x500 wp-post-image\" alt=\"\" data-id=\"12360\" \/><\/a><\/div>\t\n\t\t<div class=\"themesion-box-content\">\t\t\t\t\t\t\n\t\t\t<div class=\"themesion-box-content-inner\">\n\t\t\t\t<div class=\"thsn-service-icon\">\n\t\t\t\t\t<div class=\"thsn-service-icon-wrapper\">\n\t\t\t\t\t\t<i class=\"thsn-dentiq-icon thsn-dentiq-icon-drill\"><\/i>\t\t\t\t\t<\/div>\n\t\t\t\t<\/div>\n\t\t\t\t<h3 class=\"thsn-service-title\"><a href=\"https:\/\/www.neonklinik.com\/index.php\/service\/protetik-dis-tedavileri\/\">Protetik Di\u015f Tedavileri<\/a><\/h3> \n\t\t\t\t\t\t\t\t<div class=\"thsn-service-content\"><p>Estetik di\u015f hekimli\u011fi, di\u015flerin g\u00f6r\u00fcn\u00fcm\u00fc ve esteti\u011fi ile ilgilenen di\u015f hekimli\u011fi dal\u0131d\u0131r. Estetik Di\u015f Hekimli\u011fi<\/p>\n<\/div>\n\t\t\t\t \n\t\t\t<\/div>\n\t\t<\/div>\n\t<\/div>\n<\/article>\n<\/div><div class=\"thsn-ele thsn-service-ele col-md-4 \"><article class=\"themesion-ele themesion-ele-service thsn-service-style-2\">\n\t<div class=\"themesion-post-item\">\t\t\t  \n\t\t<div class=\"thsn-featured-wrapper\"><a href=\"https:\/\/www.neonklinik.com\/index.php\/service\/paradontosis\/\"><img width=\"770\" height=\"500\" src=\"https:\/\/www.neonklinik.com\/wp-content\/uploads\/2018\/10\/gdsfc-770x500.png\" class=\"attachment-thsn-img-770x500 size-thsn-img-770x500 wp-post-image\" alt=\"\" data-id=\"12511\" \/><\/a><\/div>\t\n\t\t<div class=\"themesion-box-content\">\t\t\t\t\t\t\n\t\t\t<div class=\"themesion-box-content-inner\">\n\t\t\t\t<div class=\"thsn-service-icon\">\n\t\t\t\t\t<div class=\"thsn-service-icon-wrapper\">\n\t\t\t\t\t\t<i class=\"thsn-dentiq-icon thsn-dentiq-icon-pills\"><\/i>\t\t\t\t\t<\/div>\n\t\t\t\t<\/div>\n\t\t\t\t<h3 class=\"thsn-service-title\"><a href=\"https:\/\/www.neonklinik.com\/index.php\/service\/paradontosis\/\">Periodontoloji<\/a><\/h3> \n\t\t\t\t\t\t\t\t<div class=\"thsn-service-content\"><p>Periodontoloji, di\u015fin destek dokular\u0131n\u0131 (di\u015f eti ve alveol kemi\u011fi) etkileyen patolojilerle ilgilenen di\u015f hekimli\u011fi.<\/p>\n<\/div>\n\t\t\t\t \n\t\t\t<\/div>\n\t\t<\/div>\n\t<\/div>\n<\/article>\n<\/div><div class=\"thsn-ele thsn-service-ele col-md-4 \"><article class=\"themesion-ele themesion-ele-service thsn-service-style-2\">\n\t<div class=\"themesion-post-item\">\t\t\t  \n\t\t<div class=\"thsn-featured-wrapper\"><a href=\"https:\/\/www.neonklinik.com\/index.php\/service\/cavity-protection\/\"><img width=\"770\" height=\"500\" src=\"https:\/\/www.neonklinik.com\/wp-content\/uploads\/2018\/10\/sdfax-770x500.png\" class=\"attachment-thsn-img-770x500 size-thsn-img-770x500 wp-post-image\" alt=\"\" data-id=\"12373\" \/><\/a><\/div>\t\n\t\t<div class=\"themesion-box-content\">\t\t\t\t\t\t\n\t\t\t<div class=\"themesion-box-content-inner\">\n\t\t\t\t<div class=\"thsn-service-icon\">\n\t\t\t\t\t<div class=\"thsn-service-icon-wrapper\">\n\t\t\t\t\t\t<i class=\"thsn-dentiq-icon thsn-dentiq-icon-dental-insurance-1\"><\/i>\t\t\t\t\t<\/div>\n\t\t\t\t<\/div>\n\t\t\t\t<h3 class=\"thsn-service-title\"><a href=\"https:\/\/www.neonklinik.com\/index.php\/service\/cavity-protection\/\">Endodonti<\/a><\/h3> \n\t\t\t\t\t\t\t\t<div class=\"thsn-service-content\"><p>Endodontik tedavi veya kanal tedavisinin amac\u0131, di\u015fin hem kronunda hem de k\u00f6klerinde bulunan.<\/p>\n<\/div>\n\t\t\t\t \n\t\t\t<\/div>\n\t\t<\/div>\n\t<\/div>\n<\/article>\n<\/div><div class=\"thsn-ele thsn-service-ele col-md-4 \"><article class=\"themesion-ele themesion-ele-service thsn-service-style-2\">\n\t<div class=\"themesion-post-item\">\t\t\t  \n\t\t<div class=\"thsn-featured-wrapper\"><a href=\"https:\/\/www.neonklinik.com\/index.php\/service\/agiz-dis-ve-cene-cerrahisi\/\"><img width=\"770\" height=\"500\" src=\"https:\/\/www.neonklinik.com\/wp-content\/uploads\/2018\/10\/yujyjyy-770x500.png\" class=\"attachment-thsn-img-770x500 size-thsn-img-770x500 wp-post-image\" alt=\"\" data-id=\"12512\" \/><\/a><\/div>\t\n\t\t<div class=\"themesion-box-content\">\t\t\t\t\t\t\n\t\t\t<div class=\"themesion-box-content-inner\">\n\t\t\t\t<div class=\"thsn-service-icon\">\n\t\t\t\t\t<div class=\"thsn-service-icon-wrapper\">\n\t\t\t\t\t\t<i class=\"thsn-dentiq-icon thsn-dentiq-icon-girl\"><\/i>\t\t\t\t\t<\/div>\n\t\t\t\t<\/div>\n\t\t\t\t<h3 class=\"thsn-service-title\"><a href=\"https:\/\/www.neonklinik.com\/index.php\/service\/agiz-dis-ve-cene-cerrahisi\/\">A\u011f\u0131z Di\u015f ve \u00c7ene Cerrahisi<\/a><\/h3> \n\t\t\t\t\t\t\t\t<div class=\"thsn-service-content\"><p>Oral ve maksillofasiyal cerrahi olarak da isimlendirilen a\u011f\u0131z, di\u015f ve \u00e7ene cerrahisi, y\u00fcksek e\u011fitimli.<\/p>\n<\/div>\n\t\t\t\t \n\t\t\t<\/div>\n\t\t<\/div>\n\t<\/div>\n<\/article>\n<\/div><\/div><\/div><!-- .themesion-element-inner -->   <\/div><!-- .themesion-element -->  [\/vc_column][\/vc_row]<\/p>\n","protected":false},"excerpt":{"rendered":"<p>[vc_row thsn-bg-color=&#8221;light&#8221; full_width=&#8221;stretch_row&#8221;][vc_column][\/vc_column][\/vc_row]<\/p>\n","protected":false},"author":1,"featured_media":0,"parent":0,"menu_order":11,"comment_status":"closed","ping_status":"closed","template":"","meta":[],"acf":[],"_links":{"self":[{"href":"https:\/\/www.neonklinik.com\/index.php\/wp-json\/wp\/v2\/pages\/8560"}],"collection":[{"href":"https:\/\/www.neonklinik.com\/index.php\/wp-json\/wp\/v2\/pages"}],"about":[{"href":"https:\/\/www.neonklinik.com\/index.php\/wp-json\/wp\/v2\/types\/page"}],"author":[{"embeddable":true,"href":"https:\/\/www.neonklinik.com\/index.php\/wp-json\/wp\/v2\/users\/1"}],"replies":[{"embeddable":true,"href":"https:\/\/www.neonklinik.com\/index.php\/wp-json\/wp\/v2\/comments?post=8560"}],"version-history":[{"count":3,"href":"https:\/\/www.neonklinik.com\/index.php\/wp-json\/wp\/v2\/pages\/8560\/revisions"}],"predecessor-version":[{"id":12514,"href":"https:\/\/www.neonklinik.com\/index.php\/wp-json\/wp\/v2\/pages\/8560\/revisions\/12514"}],"wp:attachment":[{"href":"https:\/\/www.neonklinik.com\/index.php\/wp-json\/wp\/v2\/media?parent=8560"}],"curies":[{"name":"wp","href":"https:\/\/api.w.org\/{rel}","templated":true}]}}